{"id":7179,"date":"2022-11-22T14:29:33","date_gmt":"2022-11-22T13:29:33","guid":{"rendered":"https:\/\/www.prinas.de\/b2b\/?page_id=7179"},"modified":"2024-03-28T15:51:29","modified_gmt":"2024-03-28T14:51:29","slug":"betriebsunterbrechungsversicherung","status":"publish","type":"page","link":"https:\/\/www.prinas.de\/b2b\/betriebsunterbrechungsversicherung\/","title":{"rendered":"Betriebsunterbrechungsversicherung"},"content":{"rendered":"[vc_row type=&#8220;full_width_background&#8220; full_screen_row_position=&#8220;middle&#8220; column_margin=&#8220;none&#8220; column_direction=&#8220;default&#8220; column_direction_tablet=&#8220;default&#8220; column_direction_phone=&#8220;default&#8220; bg_image=&#8220;8057&#8243; bg_position=&#8220;center center&#8220; background_image_loading=&#8220;skip-lazy-load&#8220; bg_repeat=&#8220;no-repeat&#8220; scene_position=&#8220;center&#8220; top_padding=&#8220;15%&#8220; bottom_padding=&#8220;15%&#8220; top_padding_tablet=&#8220;30%&#8220; constrain_group_3=&#8220;yes&#8220; bottom_padding_tablet=&#8220;30%&#8220; top_padding_phone=&#8220;40%&#8220; constrain_group_5=&#8220;yes&#8220; bottom_padding_phone=&#8220;40%&#8220; text_color=&#8220;custom&#8220; text_align=&#8220;left&#8220; row_border_radius=&#8220;none&#8220; row_border_radius_applies=&#8220;bg&#8220; overflow=&#8220;visible&#8220; color_overlay=&#8220;#000000&#8243; advanced_gradient_angle=&#8220;0&#8243; overlay_strength=&#8220;0.3&#8243; gradient_direction=&#8220;radial&#8220; shape_divider_color=&#8220;#ffffff&#8220; shape_divider_position=&#8220;bottom&#8220; shape_divider_height=&#8220;45%&#8220; bg_image_animation=&#8220;zoom-out&#8220; parallax_bg=&#8220;true&#8220; parallax_bg_speed=&#8220;fast&#8220; shape_type=&#8220;straight_section&#8220; gradient_type=&#8220;default&#8220;][vc_column column_padding=&#8220;no-extra-padding&#8220; column_padding_tablet=&#8220;inherit&#8220; column_padding_phone=&#8220;inherit&#8220; column_padding_position=&#8220;all&#8220; column_element_spacing=&#8220;0px&#8220; background_color_opacity=&#8220;1&#8243; background_hover_color_opacity=&#8220;1&#8243; column_shadow=&#8220;none&#8220; column_border_radius=&#8220;none&#8220; column_link_target=&#8220;_self&#8220; column_position=&#8220;default&#8220; gradient_direction=&#8220;radial&#8220; overlay_strength=&#8220;0.3&#8243; width=&#8220;1\/1&#8243; tablet_width_inherit=&#8220;default&#8220; tablet_text_alignment=&#8220;default&#8220; phone_text_alignment=&#8220;center&#8220; animation_type=&#8220;default&#8220; bg_image_animation=&#8220;zoom-out-reveal&#8220; parallax_bg=&#8220;true&#8220; parallax_bg_speed=&#8220;fast&#8220; border_type=&#8220;simple&#8220; column_border_width=&#8220;none&#8220; column_border_style=&#8220;solid&#8220;][vc_row_inner column_margin=&#8220;default&#8220; column_direction=&#8220;default&#8220; column_direction_tablet=&#8220;default&#8220; column_direction_phone=&#8220;default&#8220; text_align=&#8220;left&#8220; row_position=&#8220;default&#8220; row_position_tablet=&#8220;inherit&#8220; row_position_phone=&#8220;inherit&#8220; zindex=&#8220;20&#8243; overflow=&#8220;visible&#8220; pointer_events=&#8220;all&#8220;][vc_column_inner column_padding=&#8220;no-extra-padding&#8220; column_padding_tablet=&#8220;inherit&#8220; column_padding_phone=&#8220;inherit&#8220; column_padding_position=&#8220;all&#8220; column_element_spacing=&#8220;0px&#8220; background_color_opacity=&#8220;1&#8243; background_hover_color_opacity=&#8220;1&#8243; font_color=&#8220;#ffffff&#8220; column_shadow=&#8220;none&#8220; column_border_radius=&#8220;none&#8220; column_link_target=&#8220;_self&#8220; gradient_direction=&#8220;left_to_right&#8220; overlay_strength=&#8220;0.3&#8243; width=&#8220;1\/1&#8243; tablet_width_inherit=&#8220;default&#8220; animation_type=&#8220;default&#8220; bg_image_animation=&#8220;none&#8220; border_type=&#8220;simple&#8220; column_border_width=&#8220;none&#8220; column_border_style=&#8220;solid&#8220;][split_line_heading animation_type=&#8220;line-reveal-by-space&#8220; font_style=&#8220;h1&#8243; line_reveal_by_space_text_effect=&#8220;default&#8220; stagger_animation=&#8220;true&#8220; content_alignment=&#8220;default&#8220; mobile_content_alignment=&#8220;inherit&#8220; link_target=&#8220;_self&#8220; text_content=&#8220;Betriebsunterbrechungs-Versicherung:&#8220; animation_delay=&#8220;200&#8243;][\/split_line_heading][nectar_rotating_words_title heading_tag=&#8220;h1&#8243; beginning_text=&#8220;Ertragsausfall absichern&#8220; duration=&#8220;4000&#8243; dynamic_heading_tag=&#8220;default&#8220; element_animation=&#8220;stagger_words&#8220; mobile_display=&#8220;inline&#8220; element_animation_delay=&#8220;550&#8243;][\/vc_column_inner][\/vc_row_inner][vc_row_inner column_margin=&#8220;default&#8220; column_direction=&#8220;default&#8220; column_direction_tablet=&#8220;default&#8220; column_direction_phone=&#8220;default&#8220; text_align=&#8220;left&#8220; row_position=&#8220;default&#8220; row_position_tablet=&#8220;inherit&#8220; row_position_phone=&#8220;inherit&#8220; zindex=&#8220;20&#8243; overflow=&#8220;visible&#8220; pointer_events=&#8220;all&#8220;][vc_column_inner column_padding=&#8220;no-extra-padding&#8220; column_padding_tablet=&#8220;inherit&#8220; column_padding_phone=&#8220;inherit&#8220; column_padding_position=&#8220;all&#8220; column_element_spacing=&#8220;0px&#8220; background_color_opacity=&#8220;1&#8243; background_hover_color_opacity=&#8220;1&#8243; font_color=&#8220;#ffffff&#8220; column_shadow=&#8220;none&#8220; column_border_radius=&#8220;none&#8220; column_link_target=&#8220;_self&#8220; gradient_direction=&#8220;left_to_right&#8220; overlay_strength=&#8220;0.3&#8243; width=&#8220;1\/1&#8243; tablet_width_inherit=&#8220;default&#8220; animation_type=&#8220;default&#8220; enable_animation=&#8220;true&#8220; animation=&#8220;fade-in-from-bottom&#8220; bg_image_animation=&#8220;none&#8220; border_type=&#8220;simple&#8220; column_border_width=&#8220;none&#8220; column_border_style=&#8220;solid&#8220; delay=&#8220;650&#8243;][divider line_type=&#8220;No Line&#8220; custom_height=&#8220;50&#8243;][nectar_btn size=&#8220;jumbo&#8220; open_new_tab=&#8220;true&#8220; button_style=&#8220;see-through&#8220; button_color_2=&#8220;Extra-Color-3&#8243; color_override=&#8220;#ffffff&#8220; icon_family=&#8220;default_arrow&#8220; text=&#8220;Jetzt Kontakt aufnehmen&#8220; url=&#8220;https:\/\/www.prinas.de\/b2b\/kontakt\/&#8220;][\/vc_column_inner][\/vc_row_inner][divider line_type=&#8220;No Line&#8220; custom_height=&#8220;50&#8243;][\/vc_column][\/vc_row][vc_row type=&#8220;full_width_background&#8220; full_screen_row_position=&#8220;middle&#8220; column_margin=&#8220;default&#8220; column_direction=&#8220;default&#8220; column_direction_tablet=&#8220;default&#8220; column_direction_phone=&#8220;default&#8220; bg_color=&#8220;#ffffff&#8220; scene_position=&#8220;center&#8220; text_color=&#8220;dark&#8220; text_align=&#8220;left&#8220; row_border_radius=&#8220;none&#8220; row_border_radius_applies=&#8220;bg&#8220; overflow=&#8220;visible&#8220; advanced_gradient_angle=&#8220;0&#8243; overlay_strength=&#8220;0.3&#8243; gradient_direction=&#8220;left_to_right&#8220; shape_divider_position=&#8220;bottom&#8220; bg_image_animation=&#8220;none&#8220; gradient_type=&#8220;default&#8220; shape_type=&#8220;&#8220;][vc_column column_padding=&#8220;no-extra-padding&#8220; column_padding_tablet=&#8220;inherit&#8220; column_padding_phone=&#8220;inherit&#8220; column_padding_position=&#8220;all&#8220; column_element_spacing=&#8220;default&#8220; background_color_opacity=&#8220;1&#8243; background_hover_color_opacity=&#8220;1&#8243; column_shadow=&#8220;none&#8220; column_border_radius=&#8220;none&#8220; column_link_target=&#8220;_self&#8220; column_position=&#8220;default&#8220; gradient_direction=&#8220;left_to_right&#8220; overlay_strength=&#8220;0.3&#8243; width=&#8220;1\/1&#8243; tablet_width_inherit=&#8220;default&#8220; tablet_text_alignment=&#8220;default&#8220; phone_text_alignment=&#8220;default&#8220; animation_type=&#8220;default&#8220; bg_image_animation=&#8220;none&#8220; border_type=&#8220;simple&#8220; column_border_width=&#8220;none&#8220; column_border_style=&#8220;solid&#8220;][divider line_type=&#8220;No Line&#8220; custom_height=&#8220;50&#8243;][nectar_highlighted_text color_type=&#8220;regular&#8220; text_color=&#8220;#084986&#8243; style=&#8220;full_text&#8220; highlight_expansion=&#8220;default&#8220;]\n<h2 style=\"text-align: center;\">Finanzielle Absicherung, wenn Ums\u00e4tze nach einen Schadenfall ausbleiben<\/h2>\n[\/nectar_highlighted_text][divider line_type=&#8220;No Line&#8220; custom_height=&#8220;50&#8243;][vc_row_inner column_margin=&#8220;default&#8220; column_direction=&#8220;default&#8220; column_direction_tablet=&#8220;default&#8220; column_direction_phone=&#8220;default&#8220; text_align=&#8220;left&#8220; row_position=&#8220;default&#8220; row_position_tablet=&#8220;inherit&#8220; row_position_phone=&#8220;inherit&#8220; overflow=&#8220;visible&#8220; pointer_events=&#8220;all&#8220;][vc_column_inner column_padding=&#8220;no-extra-padding&#8220; column_padding_tablet=&#8220;inherit&#8220; column_padding_phone=&#8220;inherit&#8220; column_padding_position=&#8220;all&#8220; column_element_spacing=&#8220;default&#8220; background_color_opacity=&#8220;1&#8243; background_hover_color_opacity=&#8220;1&#8243; column_shadow=&#8220;none&#8220; column_border_radius=&#8220;none&#8220; column_link_target=&#8220;_self&#8220; gradient_direction=&#8220;left_to_right&#8220; overlay_strength=&#8220;0.3&#8243; width=&#8220;1\/1&#8243; tablet_width_inherit=&#8220;default&#8220; animation_type=&#8220;default&#8220; bg_image_animation=&#8220;none&#8220; border_type=&#8220;simple&#8220; column_border_width=&#8220;none&#8220; column_border_style=&#8220;solid&#8220;][vc_column_text css_animation=&#8220;fadeIn&#8220;]Eine Betriebsunterbrechungsversicherung &#8211; oft im Zusammenhang mit einer Gesch\u00e4ftsgeb\u00e4ude- und\/oder Gesch\u00e4ftsinhalts-Versicherung &#8211; sch\u00fctzt Unternehmen vor den finanziellen Folgen einer ungeplanten Unterbrechung des laufenden Betriebes oder Beeintr\u00e4chtigungen in der betrieblichen Leistungserstellung und -verwertung.<\/p>\n<p>Sie \u00fcbernimmt dabei die Kosten f\u00fcr L\u00f6hne und Geh\u00e4lter, Mieten, entgangene Gewinne sowie Ma\u00dfnahmen, um den Betrieb wieder instand zu setzen.<\/p>\n<p>Wir helfen gerne dabei, dieses Risiko f\u00fcr Ihren Betrieb zu bewerten und ma\u00dfgeschneidert abzusichern.[\/vc_column_text][\/vc_column_inner][\/vc_row_inner][divider line_type=&#8220;No Line&#8220; custom_height=&#8220;50&#8243;][vc_row_inner column_margin=&#8220;default&#8220; column_direction=&#8220;default&#8220; column_direction_tablet=&#8220;default&#8220; column_direction_phone=&#8220;default&#8220; text_align=&#8220;left&#8220; row_position=&#8220;default&#8220; row_position_tablet=&#8220;inherit&#8220; row_position_phone=&#8220;inherit&#8220; zindex=&#8220;20&#8243; overflow=&#8220;visible&#8220; pointer_events=&#8220;all&#8220;][vc_column_inner column_padding=&#8220;no-extra-padding&#8220; column_padding_tablet=&#8220;inherit&#8220; column_padding_phone=&#8220;inherit&#8220; column_padding_position=&#8220;all&#8220; column_element_spacing=&#8220;0px&#8220; centered_text=&#8220;true&#8220; background_color_opacity=&#8220;1&#8243; background_hover_color_opacity=&#8220;1&#8243; font_color=&#8220;#ffffff&#8220; column_shadow=&#8220;none&#8220; column_border_radius=&#8220;none&#8220; column_link_target=&#8220;_self&#8220; advanced_gradient_angle=&#8220;0&#8243; gradient_direction=&#8220;left_to_right&#8220; overlay_strength=&#8220;0.3&#8243; width=&#8220;1\/1&#8243; tablet_width_inherit=&#8220;default&#8220; animation_type=&#8220;default&#8220; enable_animation=&#8220;true&#8220; animation=&#8220;none&#8220; bg_image_animation=&#8220;none&#8220; border_type=&#8220;simple&#8220; column_border_width=&#8220;none&#8220; column_border_style=&#8220;solid&#8220; delay=&#8220;650&#8243; gradient_type=&#8220;default&#8220;][nectar_btn size=&#8220;jumbo&#8220; open_new_tab=&#8220;true&#8220; button_style=&#8220;regular&#8220; button_color_2=&#8220;Accent-Color&#8220; solid_text_color_override=&#8220;#ffffff&#8220; icon_family=&#8220;default_arrow&#8220; text=&#8220;Jetzt Kontakt aufnehmen&#8220; css_animation=&#8220;fadeIn&#8220; url=&#8220;https:\/\/www.prinas.de\/b2b\/kontakt\/&#8220;][divider line_type=&#8220;No Line&#8220; custom_height=&#8220;50&#8243;][\/vc_column_inner][\/vc_row_inner][\/vc_column][\/vc_row][vc_row type=&#8220;full_width_background&#8220; full_screen_row_position=&#8220;middle&#8220; column_margin=&#8220;default&#8220; column_direction=&#8220;default&#8220; column_direction_tablet=&#8220;default&#8220; column_direction_phone=&#8220;default&#8220; bg_color=&#8220;#007844&#8243; scene_position=&#8220;center&#8220; text_color=&#8220;dark&#8220; text_align=&#8220;left&#8220; row_border_radius=&#8220;none&#8220; row_border_radius_applies=&#8220;bg&#8220; overflow=&#8220;visible&#8220; advanced_gradient_angle=&#8220;0&#8243; overlay_strength=&#8220;0.3&#8243; gradient_direction=&#8220;left_to_right&#8220; shape_divider_position=&#8220;bottom&#8220; bg_image_animation=&#8220;none&#8220; gradient_type=&#8220;default&#8220; shape_type=&#8220;&#8220;][vc_column column_padding=&#8220;no-extra-padding&#8220; column_padding_tablet=&#8220;inherit&#8220; column_padding_phone=&#8220;inherit&#8220; column_padding_position=&#8220;all&#8220; column_element_spacing=&#8220;default&#8220; background_color_opacity=&#8220;1&#8243; background_hover_color_opacity=&#8220;1&#8243; column_shadow=&#8220;none&#8220; column_border_radius=&#8220;none&#8220; column_link_target=&#8220;_self&#8220; column_position=&#8220;default&#8220; gradient_direction=&#8220;left_to_right&#8220; overlay_strength=&#8220;0.3&#8243; width=&#8220;1\/1&#8243; tablet_width_inherit=&#8220;default&#8220; tablet_text_alignment=&#8220;default&#8220; phone_text_alignment=&#8220;default&#8220; animation_type=&#8220;default&#8220; bg_image_animation=&#8220;none&#8220; border_type=&#8220;simple&#8220; column_border_width=&#8220;none&#8220; column_border_style=&#8220;solid&#8220;][divider line_type=&#8220;No Line&#8220; custom_height=&#8220;50&#8243;][nectar_highlighted_text color_type=&#8220;regular&#8220; text_color=&#8220;#ffffff&#8220; style=&#8220;full_text&#8220; highlight_expansion=&#8220;default&#8220;]\n<h2 style=\"text-align: center;\">Lassen Sie sich von unseren Expertinnen und Experten beraten!<\/h2>\n[\/nectar_highlighted_text][divider line_type=&#8220;No Line&#8220; custom_height=&#8220;50&#8243;][vc_row_inner column_margin=&#8220;default&#8220; column_direction=&#8220;default&#8220; column_direction_tablet=&#8220;default&#8220; column_direction_phone=&#8220;default&#8220; text_align=&#8220;left&#8220; row_position=&#8220;default&#8220; row_position_tablet=&#8220;inherit&#8220; row_position_phone=&#8220;inherit&#8220; overflow=&#8220;visible&#8220; pointer_events=&#8220;all&#8220;][vc_column_inner column_padding=&#8220;no-extra-padding&#8220; column_padding_tablet=&#8220;inherit&#8220; column_padding_phone=&#8220;inherit&#8220; column_padding_position=&#8220;all&#8220; column_element_spacing=&#8220;default&#8220; centered_text=&#8220;true&#8220; background_color_opacity=&#8220;1&#8243; background_hover_color_opacity=&#8220;1&#8243; column_shadow=&#8220;none&#8220; column_border_radius=&#8220;none&#8220; column_link_target=&#8220;_self&#8220; advanced_gradient_angle=&#8220;0&#8243; gradient_direction=&#8220;left_to_right&#8220; overlay_strength=&#8220;0.3&#8243; width=&#8220;1\/1&#8243; tablet_width_inherit=&#8220;default&#8220; animation_type=&#8220;default&#8220; bg_image_animation=&#8220;none&#8220; border_type=&#8220;simple&#8220; column_border_width=&#8220;none&#8220; column_border_style=&#8220;solid&#8220; gradient_type=&#8220;default&#8220;][divider line_type=&#8220;No Line&#8220; custom_height=&#8220;50&#8243;][nectar_btn size=&#8220;jumbo&#8220; open_new_tab=&#8220;true&#8220; button_style=&#8220;regular&#8220; button_color_2=&#8220;Extra-Color-3&#8243; solid_text_color_override=&#8220;#007844&#8243; icon_family=&#8220;default_arrow&#8220; text=&#8220;Jetzt Kontakt aufnehmen&#8220; url=&#8220;https:\/\/www.prinas.de\/b2b\/kontakt\/&#8220;][divider line_type=&#8220;No Line&#8220; custom_height=&#8220;50&#8243;][\/vc_column_inner][\/vc_row_inner][divider line_type=&#8220;Small Line&#8220; line_alignment=&#8220;center&#8220; line_thickness=&#8220;6&#8243; divider_color=&#8220;extra-color-3&#8243; animate=&#8220;yes&#8220; custom_height=&#8220;200&#8243; custom_line_width=&#8220;600&#8243;][\/vc_column][\/vc_row]\n","protected":false},"excerpt":{"rendered":"<p>[vc_row type=&#8220;full_width_background&#8220; full_screen_row_position=&#8220;middle&#8220; column_margin=&#8220;none&#8220; column_direction=&#8220;default&#8220; column_direction_tablet=&#8220;default&#8220; column_direction_phone=&#8220;default&#8220; bg_image=&#8220;8057&#8243; bg_position=&#8220;center center&#8220; background_image_loading=&#8220;skip-lazy-load&#8220; bg_repeat=&#8220;no-repeat&#8220; scene_position=&#8220;center&#8220; top_padding=&#8220;15%&#8220; bottom_padding=&#8220;15%&#8220; top_padding_tablet=&#8220;30%&#8220; constrain_group_3=&#8220;yes&#8220; bottom_padding_tablet=&#8220;30%&#8220; top_padding_phone=&#8220;40%&#8220; constrain_group_5=&#8220;yes&#8220; bottom_padding_phone=&#8220;40%&#8220; text_color=&#8220;custom&#8220; text_align=&#8220;left&#8220; row_border_radius=&#8220;none&#8220; row_border_radius_applies=&#8220;bg&#8220; overflow=&#8220;visible&#8220; color_overlay=&#8220;#000000&#8243; advanced_gradient_angle=&#8220;0&#8243; overlay_strength=&#8220;0.3&#8243; gradient_direction=&#8220;radial&#8220;&#8230;<\/p>\n","protected":false},"author":4,"featured_media":8057,"parent":0,"menu_order":0,"comment_status":"closed","ping_status":"closed","template":"","meta":{"footnotes":""},"class_list":["post-7179","page","type-page","status-publish","has-post-thumbnail"],"acf":[],"yoast_head":"<!-- This site is optimized with the Yoast SEO plugin v27.5 - https:\/\/yoast.com\/product\/yoast-seo-wordpress\/ -->\n<title>Betriebsunterbrechungsversicherung | PRINAS MONTAN<\/title>\n<meta name=\"description\" content=\"Schutz vor finanziellen Folgen einer ungeplanten Unterbrechung des laufenden Betriebes oder der betrieblichen Leistungserstellung\" \/>\n<meta name=\"robots\" content=\"index, follow, max-snippet:-1, max-image-preview:large, max-video-preview:-1\" \/>\n<link rel=\"canonical\" href=\"https:\/\/www.prinas.de\/b2b\/betriebsunterbrechungsversicherung\/\" \/>\n<meta property=\"og:locale\" content=\"de_DE\" \/>\n<meta property=\"og:type\" content=\"article\" \/>\n<meta property=\"og:title\" content=\"Betriebsunterbrechungsversicherung | PRINAS MONTAN\" \/>\n<meta property=\"og:description\" content=\"Schutz vor finanziellen Folgen einer ungeplanten Unterbrechung des laufenden Betriebes oder der betrieblichen Leistungserstellung\" \/>\n<meta property=\"og:url\" content=\"https:\/\/www.prinas.de\/b2b\/betriebsunterbrechungsversicherung\/\" \/>\n<meta property=\"og:site_name\" content=\"Prinas Montan\" \/>\n<meta property=\"article:modified_time\" content=\"2024-03-28T14:51:29+00:00\" \/>\n<meta property=\"og:image\" content=\"https:\/\/www.prinas.de\/b2b\/wp-content\/uploads\/betriebsunterbrechungs-versicherung_marek-studzinski-8lcEoi5n9JA-unsplash.jpg\" \/>\n\t<meta property=\"og:image:width\" content=\"1720\" \/>\n\t<meta property=\"og:image:height\" content=\"1148\" \/>\n\t<meta property=\"og:image:type\" content=\"image\/jpeg\" \/>\n<meta name=\"twitter:card\" content=\"summary_large_image\" \/>\n<meta name=\"twitter:label1\" content=\"Gesch\u00e4tzte Lesezeit\" \/>\n\t<meta name=\"twitter:data1\" content=\"4\u00a0Minuten\" \/>\n<script type=\"application\/ld+json\" class=\"yoast-schema-graph\">{\"@context\":\"https:\\\/\\\/schema.org\",\"@graph\":[{\"@type\":\"WebPage\",\"@id\":\"https:\\\/\\\/www.prinas.de\\\/b2b\\\/betriebsunterbrechungsversicherung\\\/\",\"url\":\"https:\\\/\\\/www.prinas.de\\\/b2b\\\/betriebsunterbrechungsversicherung\\\/\",\"name\":\"Betriebsunterbrechungsversicherung | PRINAS MONTAN\",\"isPartOf\":{\"@id\":\"https:\\\/\\\/www.prinas.de\\\/b2b\\\/#website\"},\"primaryImageOfPage\":{\"@id\":\"https:\\\/\\\/www.prinas.de\\\/b2b\\\/betriebsunterbrechungsversicherung\\\/#primaryimage\"},\"image\":{\"@id\":\"https:\\\/\\\/www.prinas.de\\\/b2b\\\/betriebsunterbrechungsversicherung\\\/#primaryimage\"},\"thumbnailUrl\":\"https:\\\/\\\/www.prinas.de\\\/b2b\\\/wp-content\\\/uploads\\\/betriebsunterbrechungs-versicherung_marek-studzinski-8lcEoi5n9JA-unsplash.jpg\",\"datePublished\":\"2022-11-22T13:29:33+00:00\",\"dateModified\":\"2024-03-28T14:51:29+00:00\",\"description\":\"Schutz vor finanziellen Folgen einer ungeplanten Unterbrechung des laufenden Betriebes oder der betrieblichen Leistungserstellung\",\"breadcrumb\":{\"@id\":\"https:\\\/\\\/www.prinas.de\\\/b2b\\\/betriebsunterbrechungsversicherung\\\/#breadcrumb\"},\"inLanguage\":\"de\",\"potentialAction\":[{\"@type\":\"ReadAction\",\"target\":[\"https:\\\/\\\/www.prinas.de\\\/b2b\\\/betriebsunterbrechungsversicherung\\\/\"]}]},{\"@type\":\"ImageObject\",\"inLanguage\":\"de\",\"@id\":\"https:\\\/\\\/www.prinas.de\\\/b2b\\\/betriebsunterbrechungsversicherung\\\/#primaryimage\",\"url\":\"https:\\\/\\\/www.prinas.de\\\/b2b\\\/wp-content\\\/uploads\\\/betriebsunterbrechungs-versicherung_marek-studzinski-8lcEoi5n9JA-unsplash.jpg\",\"contentUrl\":\"https:\\\/\\\/www.prinas.de\\\/b2b\\\/wp-content\\\/uploads\\\/betriebsunterbrechungs-versicherung_marek-studzinski-8lcEoi5n9JA-unsplash.jpg\",\"width\":1720,\"height\":1148,\"caption\":\"Mit einer Betriebsunterbrechungs-Versicherung k\u00f6nnen sich Unternehmen vor finanziellen Folgen sch\u00fctzen\"},{\"@type\":\"BreadcrumbList\",\"@id\":\"https:\\\/\\\/www.prinas.de\\\/b2b\\\/betriebsunterbrechungsversicherung\\\/#breadcrumb\",\"itemListElement\":[{\"@type\":\"ListItem\",\"position\":1,\"name\":\"Startseite\",\"item\":\"https:\\\/\\\/www.prinas.de\\\/b2b\\\/\"},{\"@type\":\"ListItem\",\"position\":2,\"name\":\"Betriebsunterbrechungsversicherung\"}]},{\"@type\":\"WebSite\",\"@id\":\"https:\\\/\\\/www.prinas.de\\\/b2b\\\/#website\",\"url\":\"https:\\\/\\\/www.prinas.de\\\/b2b\\\/\",\"name\":\"Prinas Montan\",\"description\":\"Eine weitere WordPress-Website\",\"potentialAction\":[{\"@type\":\"SearchAction\",\"target\":{\"@type\":\"EntryPoint\",\"urlTemplate\":\"https:\\\/\\\/www.prinas.de\\\/b2b\\\/?s={search_term_string}\"},\"query-input\":{\"@type\":\"PropertyValueSpecification\",\"valueRequired\":true,\"valueName\":\"search_term_string\"}}],\"inLanguage\":\"de\"}]}<\/script>\n<!-- \/ Yoast SEO plugin. -->","yoast_head_json":{"title":"Betriebsunterbrechungsversicherung | PRINAS MONTAN","description":"Schutz vor finanziellen Folgen einer ungeplanten Unterbrechung des laufenden Betriebes oder der betrieblichen Leistungserstellung","robots":{"index":"index","follow":"follow","max-snippet":"max-snippet:-1","max-image-preview":"max-image-preview:large","max-video-preview":"max-video-preview:-1"},"canonical":"https:\/\/www.prinas.de\/b2b\/betriebsunterbrechungsversicherung\/","og_locale":"de_DE","og_type":"article","og_title":"Betriebsunterbrechungsversicherung | PRINAS MONTAN","og_description":"Schutz vor finanziellen Folgen einer ungeplanten Unterbrechung des laufenden Betriebes oder der betrieblichen Leistungserstellung","og_url":"https:\/\/www.prinas.de\/b2b\/betriebsunterbrechungsversicherung\/","og_site_name":"Prinas Montan","article_modified_time":"2024-03-28T14:51:29+00:00","og_image":[{"width":1720,"height":1148,"url":"https:\/\/www.prinas.de\/b2b\/wp-content\/uploads\/betriebsunterbrechungs-versicherung_marek-studzinski-8lcEoi5n9JA-unsplash.jpg","type":"image\/jpeg"}],"twitter_card":"summary_large_image","twitter_misc":{"Gesch\u00e4tzte Lesezeit":"4\u00a0Minuten"},"schema":{"@context":"https:\/\/schema.org","@graph":[{"@type":"WebPage","@id":"https:\/\/www.prinas.de\/b2b\/betriebsunterbrechungsversicherung\/","url":"https:\/\/www.prinas.de\/b2b\/betriebsunterbrechungsversicherung\/","name":"Betriebsunterbrechungsversicherung | PRINAS MONTAN","isPartOf":{"@id":"https:\/\/www.prinas.de\/b2b\/#website"},"primaryImageOfPage":{"@id":"https:\/\/www.prinas.de\/b2b\/betriebsunterbrechungsversicherung\/#primaryimage"},"image":{"@id":"https:\/\/www.prinas.de\/b2b\/betriebsunterbrechungsversicherung\/#primaryimage"},"thumbnailUrl":"https:\/\/www.prinas.de\/b2b\/wp-content\/uploads\/betriebsunterbrechungs-versicherung_marek-studzinski-8lcEoi5n9JA-unsplash.jpg","datePublished":"2022-11-22T13:29:33+00:00","dateModified":"2024-03-28T14:51:29+00:00","description":"Schutz vor finanziellen Folgen einer ungeplanten Unterbrechung des laufenden Betriebes oder der betrieblichen Leistungserstellung","breadcrumb":{"@id":"https:\/\/www.prinas.de\/b2b\/betriebsunterbrechungsversicherung\/#breadcrumb"},"inLanguage":"de","potentialAction":[{"@type":"ReadAction","target":["https:\/\/www.prinas.de\/b2b\/betriebsunterbrechungsversicherung\/"]}]},{"@type":"ImageObject","inLanguage":"de","@id":"https:\/\/www.prinas.de\/b2b\/betriebsunterbrechungsversicherung\/#primaryimage","url":"https:\/\/www.prinas.de\/b2b\/wp-content\/uploads\/betriebsunterbrechungs-versicherung_marek-studzinski-8lcEoi5n9JA-unsplash.jpg","contentUrl":"https:\/\/www.prinas.de\/b2b\/wp-content\/uploads\/betriebsunterbrechungs-versicherung_marek-studzinski-8lcEoi5n9JA-unsplash.jpg","width":1720,"height":1148,"caption":"Mit einer Betriebsunterbrechungs-Versicherung k\u00f6nnen sich Unternehmen vor finanziellen Folgen sch\u00fctzen"},{"@type":"BreadcrumbList","@id":"https:\/\/www.prinas.de\/b2b\/betriebsunterbrechungsversicherung\/#breadcrumb","itemListElement":[{"@type":"ListItem","position":1,"name":"Startseite","item":"https:\/\/www.prinas.de\/b2b\/"},{"@type":"ListItem","position":2,"name":"Betriebsunterbrechungsversicherung"}]},{"@type":"WebSite","@id":"https:\/\/www.prinas.de\/b2b\/#website","url":"https:\/\/www.prinas.de\/b2b\/","name":"Prinas Montan","description":"Eine weitere WordPress-Website","potentialAction":[{"@type":"SearchAction","target":{"@type":"EntryPoint","urlTemplate":"https:\/\/www.prinas.de\/b2b\/?s={search_term_string}"},"query-input":{"@type":"PropertyValueSpecification","valueRequired":true,"valueName":"search_term_string"}}],"inLanguage":"de"}]}},"_links":{"self":[{"href":"https:\/\/www.prinas.de\/b2b\/wp-json\/wp\/v2\/pages\/7179","targetHints":{"allow":["GET"]}}],"collection":[{"href":"https:\/\/www.prinas.de\/b2b\/wp-json\/wp\/v2\/pages"}],"about":[{"href":"https:\/\/www.prinas.de\/b2b\/wp-json\/wp\/v2\/types\/page"}],"author":[{"embeddable":true,"href":"https:\/\/www.prinas.de\/b2b\/wp-json\/wp\/v2\/users\/4"}],"replies":[{"embeddable":true,"href":"https:\/\/www.prinas.de\/b2b\/wp-json\/wp\/v2\/comments?post=7179"}],"version-history":[{"count":18,"href":"https:\/\/www.prinas.de\/b2b\/wp-json\/wp\/v2\/pages\/7179\/revisions"}],"predecessor-version":[{"id":8058,"href":"https:\/\/www.prinas.de\/b2b\/wp-json\/wp\/v2\/pages\/7179\/revisions\/8058"}],"wp:featuredmedia":[{"embeddable":true,"href":"https:\/\/www.prinas.de\/b2b\/wp-json\/wp\/v2\/media\/8057"}],"wp:attachment":[{"href":"https:\/\/www.prinas.de\/b2b\/wp-json\/wp\/v2\/media?parent=7179"}],"curies":[{"name":"wp","href":"https:\/\/api.w.org\/{rel}","templated":true}]}}